{"id":1922,"date":"2025-07-25T00:39:39","date_gmt":"2025-07-24T22:39:39","guid":{"rendered":"https:\/\/chtfrutilla.com\/?post_type=product&#038;p=1922"},"modified":"2025-07-30T22:59:12","modified_gmt":"2025-07-30T20:59:12","slug":"peluche-domo-kun","status":"publish","type":"product","link":"https:\/\/chtfrutilla.com\/?product=peluche-domo-kun","title":{"rendered":"Domo-kun \u2013 Edici\u00f3n Pulpo Kawaii"},"content":{"rendered":"<p data-start=\"336\" data-end=\"645\">\u00a1Llega la ternura en su versi\u00f3n m\u00e1s divertida!<br data-start=\"382\" data-end=\"385\" \/>Este adorable <strong data-start=\"399\" data-end=\"428\">Domo-kun vestido de pulpo<\/strong> es una pieza <strong data-start=\"442\" data-end=\"459\">tejida a mano<\/strong> con dedicaci\u00f3n y muchos detalles que lo hacen \u00fanico. Inspirado en el popular personaje japon\u00e9s Domo-kun, ahora con un disfraz de pulpo en estilo kawaii que lo hace a\u00fan m\u00e1s irresistible.<\/p>\n<p data-start=\"647\" data-end=\"931\">\ud83e\uddf6 <strong data-start=\"650\" data-end=\"663\">Material:<\/strong> Hilo acr\u00edlico de alta calidad, relleno suave<br data-start=\"708\" data-end=\"711\" \/>\ud83d\udccf <strong data-start=\"714\" data-end=\"736\">Tama\u00f1o aproximado:<\/strong>\u00a0 cm<br data-start=\"745\" data-end=\"748\" \/>\ud83c\udfa8 <strong data-start=\"751\" data-end=\"763\">Colores:<\/strong> Blanco (cuerpo) + Rojo (pulpo \u2013 personalizable)<br data-start=\"826\" data-end=\"829\" \/>\ud83e\uddf5 T\u00e9cnica: Crochet con detalles bordados a mano<br data-start=\"877\" data-end=\"880\" \/>\ud83d\udc96 Ideal para decoraci\u00f3n, regalo o colecci\u00f3n kawaii<\/p>\n","protected":false},"excerpt":{"rendered":"<p>Domo-kun se ha sumergido en el mundo marino y ha salido con su disfraz de pulpo, \u00a1m\u00e1s tierno que nunca!<\/p>\n","protected":false},"featured_media":1906,"comment_status":"open","ping_status":"closed","template":"","meta":{"om_disable_all_campaigns":false,"_monsterinsights_skip_tracking":false,"_monsterinsights_sitenote_active":false,"_monsterinsights_sitenote_note":"","_monsterinsights_sitenote_category":0,"site-sidebar-layout":"default","site-content-layout":"","ast-site-content-layout":"default","site-content-style":"default","site-sidebar-style":"default","ast-global-header-display":"","ast-banner-title-visibility":"","ast-main-header-display":"","ast-hfb-above-header-display":"","ast-hfb-below-header-display":"","ast-hfb-mobile-header-display":"","site-post-title":"","ast-breadcrumbs-content":"","ast-featured-img":"","footer-sml-layout":"","theme-transparent-header-meta":"default","adv-header-id-meta":"","stick-header-meta":"","header-above-stick-meta":"","header-main-stick-meta":"","header-below-stick-meta":"","astra-migrate-meta-layouts":"set","ast-page-background-enabled":"default","ast-page-background-meta":{"desktop":{"background-color":"","background-image":"","background-repeat":"repeat","background-position":"center center","background-size":"auto","background-attachment":"scroll","background-type":"","background-media":"","overlay-type":"","overlay-color":"","overlay-opacity":"","overlay-gradient":""},"tablet":{"background-color":"","background-image":"","background-repeat":"repeat","background-position":"center center","background-size":"auto","background-attachment":"scroll","background-type":"","background-media":"","overlay-type":"","overlay-color":"","overlay-opacity":"","overlay-gradient":""},"mobile":{"background-color":"","background-image":"","background-repeat":"repeat","background-position":"center center","background-size":"auto","background-attachment":"scroll","background-type":"","background-media":"","overlay-type":"","overlay-color":"","overlay-opacity":"","overlay-gradient":""}},"ast-content-background-meta":{"desktop":{"background-color":"var(--ast-global-color-5)","background-image":"","background-repeat":"repeat","background-position":"center center","background-size":"auto","background-attachment":"scroll","background-type":"","background-media":"","overlay-type":"","overlay-color":"","overlay-opacity":"","overlay-gradient":""},"tablet":{"background-color":"var(--ast-global-color-5)","background-image":"","background-repeat":"repeat","background-position":"center center","background-size":"auto","background-attachment":"scroll","background-type":"","background-media":"","overlay-type":"","overlay-color":"","overlay-opacity":"","overlay-gradient":""},"mobile":{"background-color":"var(--ast-global-color-5)","background-image":"","background-repeat":"repeat","background-position":"center center","background-size":"auto","background-attachment":"scroll","background-type":"","background-media":"","overlay-type":"","overlay-color":"","overlay-opacity":"","overlay-gradient":""}}},"product_brand":[],"product_cat":[41],"product_tag":[],"class_list":{"0":"post-1922","1":"product","2":"type-product","3":"status-publish","4":"has-post-thumbnail","6":"product_cat-personajes","7":"desktop-align-left","8":"tablet-align-left","9":"mobile-align-left","11":"first","12":"instock","13":"sold-individually","14":"shipping-taxable","15":"purchasable","16":"product-type-simple"},"aioseo_notices":[],"jetpack_sharing_enabled":true,"_links":{"self":[{"href":"https:\/\/chtfrutilla.com\/index.php?rest_route=\/wp\/v2\/product\/1922","targetHints":{"allow":["GET"]}}],"collection":[{"href":"https:\/\/chtfrutilla.com\/index.php?rest_route=\/wp\/v2\/product"}],"about":[{"href":"https:\/\/chtfrutilla.com\/index.php?rest_route=\/wp\/v2\/types\/product"}],"replies":[{"embeddable":true,"href":"https:\/\/chtfrutilla.com\/index.php?rest_route=%2Fwp%2Fv2%2Fcomments&post=1922"}],"wp:featuredmedia":[{"embeddable":true,"href":"https:\/\/chtfrutilla.com\/index.php?rest_route=\/wp\/v2\/media\/1906"}],"wp:attachment":[{"href":"https:\/\/chtfrutilla.com\/index.php?rest_route=%2Fwp%2Fv2%2Fmedia&parent=1922"}],"wp:term":[{"taxonomy":"product_brand","embeddable":true,"href":"https:\/\/chtfrutilla.com\/index.php?rest_route=%2Fwp%2Fv2%2Fproduct_brand&post=1922"},{"taxonomy":"product_cat","embeddable":true,"href":"https:\/\/chtfrutilla.com\/index.php?rest_route=%2Fwp%2Fv2%2Fproduct_cat&post=1922"},{"taxonomy":"product_tag","embeddable":true,"href":"https:\/\/chtfrutilla.com\/index.php?rest_route=%2Fwp%2Fv2%2Fproduct_tag&post=1922"}],"curies":[{"name":"wp","href":"https:\/\/api.w.org\/{rel}","templated":true}]}}