{"id":1631,"date":"2025-07-23T13:05:28","date_gmt":"2025-07-23T11:05:28","guid":{"rendered":"https:\/\/chtfrutilla.com\/?post_type=product&#038;p=1631"},"modified":"2025-07-30T21:47:57","modified_gmt":"2025-07-30T19:47:57","slug":"vivienne-westwood-roja","status":"publish","type":"product","link":"https:\/\/chtfrutilla.com\/?product=vivienne-westwood-roja","title":{"rendered":"Bolso Vivienne Westwood Rojo"},"content":{"rendered":"<p data-start=\"314\" data-end=\"549\">Insp\u00edrate en la ic\u00f3nica dise\u00f1adora brit\u00e1nica con este <strong data-start=\"368\" data-end=\"396\">bolso rojo tejido a mano<\/strong> que evoca el estilo audaz y \u00fanico de <strong data-start=\"434\" data-end=\"455\">Vivienne Westwood<\/strong>. Perfecto para quienes buscan combinar elegancia con un toque punk y sofisticaci\u00f3n artesanal.<\/p>\n<p data-start=\"551\" data-end=\"915\">\ud83e\uddf6 <strong data-start=\"554\" data-end=\"567\">Material:<\/strong> Hilo acr\u00edlico.<br data-start=\"599\" data-end=\"602\" \/>\ud83d\udd34 <strong data-start=\"605\" data-end=\"615\">Color:<\/strong> Rojo vibrante, s\u00edmbolo de pasi\u00f3n y rebeld\u00eda<br data-start=\"659\" data-end=\"662\" \/>\ud83e\uddf5 <strong data-start=\"665\" data-end=\"678\">Detalles:<\/strong> Incluye adornos\u00a0 inspirados en el emblem\u00e1tico logo del orbe de Vivienne Westwood\u00a0<br data-start=\"792\" data-end=\"795\" \/>\ud83d\udccf <strong data-start=\"798\" data-end=\"809\">Tama\u00f1o:<\/strong> Aproximadamente alto: 16cm x ancho: 25 cm<br data-start=\"836\" data-end=\"839\" \/>\ud83d\udc5c Asa para hombro 27cm<\/p>\n","protected":false},"excerpt":{"rendered":"<p>Bolso rojo inspirado en la\u00a0serie manga y anime <strong data-start=\"261\" data-end=\"269\">Nana<\/strong> (de Ai Yazawa). Estilo punk, elegante y artesanal.<\/p>\n","protected":false},"featured_media":1627,"comment_status":"open","ping_status":"closed","template":"","meta":{"om_disable_all_campaigns":false,"_monsterinsights_skip_tracking":false,"_monsterinsights_sitenote_active":false,"_monsterinsights_sitenote_note":"","_monsterinsights_sitenote_category":0,"site-sidebar-layout":"default","site-content-layout":"","ast-site-content-layout":"default","site-content-style":"default","site-sidebar-style":"default","ast-global-header-display":"","ast-banner-title-visibility":"","ast-main-header-display":"","ast-hfb-above-header-display":"","ast-hfb-below-header-display":"","ast-hfb-mobile-header-display":"","site-post-title":"","ast-breadcrumbs-content":"","ast-featured-img":"","footer-sml-layout":"","theme-transparent-header-meta":"default","adv-header-id-meta":"","stick-header-meta":"","header-above-stick-meta":"","header-main-stick-meta":"","header-below-stick-meta":"","astra-migrate-meta-layouts":"set","ast-page-background-enabled":"default","ast-page-background-meta":{"desktop":{"background-color":"","background-image":"","background-repeat":"repeat","background-position":"center center","background-size":"auto","background-attachment":"scroll","background-type":"","background-media":"","overlay-type":"","overlay-color":"","overlay-opacity":"","overlay-gradient":""},"tablet":{"background-color":"","background-image":"","background-repeat":"repeat","background-position":"center center","background-size":"auto","background-attachment":"scroll","background-type":"","background-media":"","overlay-type":"","overlay-color":"","overlay-opacity":"","overlay-gradient":""},"mobile":{"background-color":"","background-image":"","background-repeat":"repeat","background-position":"center center","background-size":"auto","background-attachment":"scroll","background-type":"","background-media":"","overlay-type":"","overlay-color":"","overlay-opacity":"","overlay-gradient":""}},"ast-content-background-meta":{"desktop":{"background-color":"var(--ast-global-color-5)","background-image":"","background-repeat":"repeat","background-position":"center center","background-size":"auto","background-attachment":"scroll","background-type":"","background-media":"","overlay-type":"","overlay-color":"","overlay-opacity":"","overlay-gradient":""},"tablet":{"background-color":"var(--ast-global-color-5)","background-image":"","background-repeat":"repeat","background-position":"center center","background-size":"auto","background-attachment":"scroll","background-type":"","background-media":"","overlay-type":"","overlay-color":"","overlay-opacity":"","overlay-gradient":""},"mobile":{"background-color":"var(--ast-global-color-5)","background-image":"","background-repeat":"repeat","background-position":"center center","background-size":"auto","background-attachment":"scroll","background-type":"","background-media":"","overlay-type":"","overlay-color":"","overlay-opacity":"","overlay-gradient":""}}},"product_brand":[],"product_cat":[38],"product_tag":[],"class_list":{"0":"post-1631","1":"product","2":"type-product","3":"status-publish","4":"has-post-thumbnail","6":"product_cat-bolsos","7":"desktop-align-left","8":"tablet-align-left","9":"mobile-align-left","11":"first","12":"instock","13":"shipping-taxable","14":"purchasable","15":"product-type-simple"},"aioseo_notices":[],"jetpack_sharing_enabled":true,"_links":{"self":[{"href":"https:\/\/chtfrutilla.com\/index.php?rest_route=\/wp\/v2\/product\/1631","targetHints":{"allow":["GET"]}}],"collection":[{"href":"https:\/\/chtfrutilla.com\/index.php?rest_route=\/wp\/v2\/product"}],"about":[{"href":"https:\/\/chtfrutilla.com\/index.php?rest_route=\/wp\/v2\/types\/product"}],"replies":[{"embeddable":true,"href":"https:\/\/chtfrutilla.com\/index.php?rest_route=%2Fwp%2Fv2%2Fcomments&post=1631"}],"wp:featuredmedia":[{"embeddable":true,"href":"https:\/\/chtfrutilla.com\/index.php?rest_route=\/wp\/v2\/media\/1627"}],"wp:attachment":[{"href":"https:\/\/chtfrutilla.com\/index.php?rest_route=%2Fwp%2Fv2%2Fmedia&parent=1631"}],"wp:term":[{"taxonomy":"product_brand","embeddable":true,"href":"https:\/\/chtfrutilla.com\/index.php?rest_route=%2Fwp%2Fv2%2Fproduct_brand&post=1631"},{"taxonomy":"product_cat","embeddable":true,"href":"https:\/\/chtfrutilla.com\/index.php?rest_route=%2Fwp%2Fv2%2Fproduct_cat&post=1631"},{"taxonomy":"product_tag","embeddable":true,"href":"https:\/\/chtfrutilla.com\/index.php?rest_route=%2Fwp%2Fv2%2Fproduct_tag&post=1631"}],"curies":[{"name":"wp","href":"https:\/\/api.w.org\/{rel}","templated":true}]}}