{"id":1582,"date":"2025-07-23T10:46:39","date_gmt":"2025-07-23T08:46:39","guid":{"rendered":"https:\/\/chtfrutilla.com\/?post_type=product&#038;p=1582"},"modified":"2025-07-30T22:08:28","modified_gmt":"2025-07-30T20:08:28","slug":"pucca","status":"publish","type":"product","link":"https:\/\/chtfrutilla.com\/?product=pucca","title":{"rendered":"Bolso kawaii inspirado en Pucca"},"content":{"rendered":"<p data-start=\"311\" data-end=\"549\">Lleva contigo el encanto y la fuerza de <strong data-start=\"351\" data-end=\"360\">Pucca<\/strong>, la simp\u00e1tica chica coreana que conquist\u00f3 a toda una generaci\u00f3n. Este <strong data-start=\"431\" data-end=\"454\">bolso tejido a mano<\/strong> est\u00e1 inspirado en su dise\u00f1o adorable y colores caracter\u00edsticos: rojo, negro y detalles kawaii.<\/p>\n<p data-start=\"551\" data-end=\"923\">\ud83e\uddf6 <strong data-start=\"554\" data-end=\"567\">Material:<\/strong> Hilo acr\u00edlico.<br data-start=\"607\" data-end=\"610\" \/>\ud83c\udfa8 <strong data-start=\"613\" data-end=\"625\">Colores:<\/strong> Rojo, negro y blanco<br data-start=\"673\" data-end=\"676\" \/>\ud83e\uddf5 <strong data-start=\"679\" data-end=\"691\">T\u00e9cnica:<\/strong> Crochet 100% artesanal<br data-start=\"714\" data-end=\"717\" \/>\ud83d\udccf <strong data-start=\"720\" data-end=\"742\">Tama\u00f1o aproximado:<\/strong> alto:15 x ancho:25 cm<br data-start=\"753\" data-end=\"756\" \/>\ud83d\udc5c Asa 50cm<br data-start=\"799\" data-end=\"802\" \/>\ud83c\udf80 Incluye la carita de Pucca tejida con, mo\u00f1itos, y detalles adicionales<br data-start=\"886\" data-end=\"889\" \/><\/p>\n","protected":false},"excerpt":{"rendered":"<p>Bolso de Pucca tejido a mano, con colores rojo y negro, estilo kawaii. Ideal para fans de este personaje coreano. Artesanal y personalizable.<\/p>\n","protected":false},"featured_media":1609,"comment_status":"open","ping_status":"closed","template":"","meta":{"om_disable_all_campaigns":false,"_monsterinsights_skip_tracking":false,"_monsterinsights_sitenote_active":false,"_monsterinsights_sitenote_note":"","_monsterinsights_sitenote_category":0,"site-sidebar-layout":"no-sidebar","site-content-layout":"boxed-container","ast-site-content-layout":"normal-width-container","site-content-style":"boxed","site-sidebar-style":"boxed","ast-global-header-display":"","ast-banner-title-visibility":"","ast-main-header-display":"","ast-hfb-above-header-display":"","ast-hfb-below-header-display":"","ast-hfb-mobile-header-display":"","site-post-title":"","ast-breadcrumbs-content":"","ast-featured-img":"","footer-sml-layout":"","theme-transparent-header-meta":"default","adv-header-id-meta":"","stick-header-meta":"","header-above-stick-meta":"","header-main-stick-meta":"","header-below-stick-meta":"","astra-migrate-meta-layouts":"set","ast-page-background-enabled":"default","ast-page-background-meta":{"desktop":{"background-color":"","background-image":"","background-repeat":"repeat","background-position":"center center","background-size":"auto","background-attachment":"scroll","background-type":"","background-media":"","overlay-type":"","overlay-color":"","overlay-opacity":"","overlay-gradient":""},"tablet":{"background-color":"","background-image":"","background-repeat":"repeat","background-position":"center center","background-size":"auto","background-attachment":"scroll","background-type":"","background-media":"","overlay-type":"","overlay-color":"","overlay-opacity":"","overlay-gradient":""},"mobile":{"background-color":"","background-image":"","background-repeat":"repeat","background-position":"center center","background-size":"auto","background-attachment":"scroll","background-type":"","background-media":"","overlay-type":"","overlay-color":"","overlay-opacity":"","overlay-gradient":""}},"ast-content-background-meta":{"desktop":{"background-color":"var(--ast-global-color-5)","background-image":"","background-repeat":"repeat","background-position":"center center","background-size":"auto","background-attachment":"scroll","background-type":"","background-media":"","overlay-type":"","overlay-color":"","overlay-opacity":"","overlay-gradient":""},"tablet":{"background-color":"var(--ast-global-color-5)","background-image":"","background-repeat":"repeat","background-position":"center center","background-size":"auto","background-attachment":"scroll","background-type":"","background-media":"","overlay-type":"","overlay-color":"","overlay-opacity":"","overlay-gradient":""},"mobile":{"background-color":"var(--ast-global-color-5)","background-image":"","background-repeat":"repeat","background-position":"center center","background-size":"auto","background-attachment":"scroll","background-type":"","background-media":"","overlay-type":"","overlay-color":"","overlay-opacity":"","overlay-gradient":""}}},"product_brand":[],"product_cat":[38],"product_tag":[],"class_list":{"0":"post-1582","1":"product","2":"type-product","3":"status-publish","4":"has-post-thumbnail","6":"product_cat-bolsos","7":"desktop-align-left","8":"tablet-align-left","9":"mobile-align-left","11":"first","12":"instock","13":"shipping-taxable","14":"purchasable","15":"product-type-simple"},"aioseo_notices":[],"jetpack_sharing_enabled":true,"_links":{"self":[{"href":"https:\/\/chtfrutilla.com\/index.php?rest_route=\/wp\/v2\/product\/1582","targetHints":{"allow":["GET"]}}],"collection":[{"href":"https:\/\/chtfrutilla.com\/index.php?rest_route=\/wp\/v2\/product"}],"about":[{"href":"https:\/\/chtfrutilla.com\/index.php?rest_route=\/wp\/v2\/types\/product"}],"replies":[{"embeddable":true,"href":"https:\/\/chtfrutilla.com\/index.php?rest_route=%2Fwp%2Fv2%2Fcomments&post=1582"}],"wp:featuredmedia":[{"embeddable":true,"href":"https:\/\/chtfrutilla.com\/index.php?rest_route=\/wp\/v2\/media\/1609"}],"wp:attachment":[{"href":"https:\/\/chtfrutilla.com\/index.php?rest_route=%2Fwp%2Fv2%2Fmedia&parent=1582"}],"wp:term":[{"taxonomy":"product_brand","embeddable":true,"href":"https:\/\/chtfrutilla.com\/index.php?rest_route=%2Fwp%2Fv2%2Fproduct_brand&post=1582"},{"taxonomy":"product_cat","embeddable":true,"href":"https:\/\/chtfrutilla.com\/index.php?rest_route=%2Fwp%2Fv2%2Fproduct_cat&post=1582"},{"taxonomy":"product_tag","embeddable":true,"href":"https:\/\/chtfrutilla.com\/index.php?rest_route=%2Fwp%2Fv2%2Fproduct_tag&post=1582"}],"curies":[{"name":"wp","href":"https:\/\/api.w.org\/{rel}","templated":true}]}}